{"id":18,"date":"2026-02-11T14:45:32","date_gmt":"2026-02-11T13:45:32","guid":{"rendered":"https:\/\/kfk.magianocy.pl\/?page_id=18"},"modified":"2026-03-11T12:21:33","modified_gmt":"2026-03-11T11:21:33","slug":"18-2","status":"publish","type":"page","link":"https:\/\/kfk.magianocy.pl\/","title":{"rendered":"Home"},"content":{"rendered":"<div class=\"et_pb_section_0 et_pb_section et_section_regular et_block_section et-pb-has-background-video et_pb_preload\"><span class=\"et-pb-background-video\"><video autoplay loop playsinline muted width=\"1520\" height=\"832\"><source type=\"video\/mp4\" src=\"https:\/\/kfk.magianocy.pl\/wp-content\/uploads\/2026\/02\/video1c.mp4\" \/><\/video><\/span>\n<div class=\"et_pb_row_0 et_pb_row et_block_row\">\n<div class=\"et_pb_column_0 et_pb_column et_pb_column_4_4 et-last-child et_block_column et_pb_css_mix_blend_mode_passthrough\">\n<div class=\"et_pb_image_0 et_pb_image et_animated et_pb_module et_block_module\"><span class=\"et_pb_image_wrap\"><img loading=\"lazy\" decoding=\"async\" src=\"https:\/\/kfk.magianocy.pl\/wp-content\/uploads\/2026\/02\/florczak_keller_pieczec-150x150-1.png\" width=\"150\" height=\"150\" srcset=\"https:\/\/kfk.magianocy.pl\/wp-content\/uploads\/2026\/02\/florczak_keller_pieczec-150x150-1.png 150w\" sizes=\"(max-width: 150px) 100vw, 150px\" class=\"wp-image-29\" title=\"florczak_keller_pieczec-150x150\" \/><\/span><\/div>\n\n<div class=\"et_pb_text_0 et_pb_text et_pb_bg_layout_light et_pb_module et_block_module\"><div class=\"et_pb_text_inner\"><h1 style=\"text-align: center;\"><span style=\"color: #ffffff;\"><strong>Kancelaria Adwokacka \u0141\u00f3d\u017a<\/strong><\/span><br \/><span style=\"color: #ffffff;\"><strong>Florczak-Keller i\u00a0Wsp\u00f3lnicy<\/strong><\/span><\/h1>\n<\/div><\/div>\n\n<div class=\"et_pb_text_1 et_pb_text et_pb_bg_layout_light et_pb_module et_block_module\"><div class=\"et_pb_text_inner\"><p style=\"text-align: center;\"><span style=\"color: #ffffff;\">Nasi prawnicy to\u00a0specjali\u015bci od\u00a0najtrudniejszych spraw. Katarzyna-Florczak Keller to\u00a0<strong>dobry i\u00a0skuteczny adwokat<\/strong>. \u0141\u00f3d\u017a jest siedzib\u0105, gdzie znajduje si\u0119 nasza Kancelaria Adwokacka. Dla naszych klient\u00f3w oferujemy kompleksow\u0105 obs\u0142ug\u0119 prawn\u0105 os\u00f3b fizycznych, firm oraz\u00a0sp\u00f3\u0142ek. Dzi\u0119ki do\u015bwiadczeniu, wiedzy i\u00a0zaanga\u017cowaniu prawnicy Kancelarii zapewniaj\u0105 fachow\u0105, skuteczn\u0105 pomoc i\u00a0profesjonalne doradztwo prawne.\u00a0<strong>Prawo to\u00a0pasja i\u00a0ci\u0105g\u0142e d\u0105\u017cenie do\u00a0tworzenia nowych koncepcji i\u00a0najlepszych rozwi\u0105za\u0144.<\/strong><\/span><\/p>\n<\/div><\/div>\n<\/div>\n<\/div>\n<\/div>","protected":false},"excerpt":{"rendered":"","protected":false},"author":1,"featured_media":0,"parent":0,"menu_order":0,"comment_status":"closed","ping_status":"closed","template":"","meta":{"footnotes":""},"class_list":["post-18","page","type-page","status-publish","hentry"],"_links":{"self":[{"href":"https:\/\/kfk.magianocy.pl\/index.php\/wp-json\/wp\/v2\/pages\/18","targetHints":{"allow":["GET"]}}],"collection":[{"href":"https:\/\/kfk.magianocy.pl\/index.php\/wp-json\/wp\/v2\/pages"}],"about":[{"href":"https:\/\/kfk.magianocy.pl\/index.php\/wp-json\/wp\/v2\/types\/page"}],"author":[{"embeddable":true,"href":"https:\/\/kfk.magianocy.pl\/index.php\/wp-json\/wp\/v2\/users\/1"}],"replies":[{"embeddable":true,"href":"https:\/\/kfk.magianocy.pl\/index.php\/wp-json\/wp\/v2\/comments?post=18"}],"version-history":[{"count":12,"href":"https:\/\/kfk.magianocy.pl\/index.php\/wp-json\/wp\/v2\/pages\/18\/revisions"}],"predecessor-version":[{"id":158,"href":"https:\/\/kfk.magianocy.pl\/index.php\/wp-json\/wp\/v2\/pages\/18\/revisions\/158"}],"wp:attachment":[{"href":"https:\/\/kfk.magianocy.pl\/index.php\/wp-json\/wp\/v2\/media?parent=18"}],"curies":[{"name":"wp","href":"https:\/\/api.w.org\/{rel}","templated":true}]}}